{"id":8560,"date":"2023-11-30T23:07:37","date_gmt":"2023-11-30T22:07:37","guid":{"rendered":"https:\/\/emaczech2021.net\/regalove-systemy\/"},"modified":"2024-03-09T03:31:05","modified_gmt":"2024-03-09T02:31:05","slug":"storage-solution","status":"publish","type":"page","link":"https:\/\/emaczech2021.net\/en\/storage-solution\/","title":{"rendered":"Storage Solution"},"content":{"rendered":"\t\t<div data-elementor-type=\"wp-page\" data-elementor-id=\"8560\" class=\"elementor elementor-8560 elementor-7351\">\n\t\t\t\t<div class=\"elementor-element elementor-element-a3f1634 e-flex e-con-boxed e-con e-parent\" data-id=\"a3f1634\" data-element_type=\"container\" id=\"regaly\" data-settings=\"{&quot;background_background&quot;:&quot;classic&quot;}\">\n\t\t\t\t\t<div class=\"e-con-inner\">\n\t\t<div class=\"elementor-element elementor-element-b52c801 e-con-full elementor-hidden-mobile e-flex e-con e-child\" data-id=\"b52c801\" data-element_type=\"container\">\n\t\t\t\t<div class=\"elementor-element elementor-element-98f9d58 elementor-align-left animated-slow elementor-mobile-align-left elementor-invisible elementor-widget elementor-widget-heading\" data-id=\"98f9d58\" data-element_type=\"widget\" data-settings=\"{&quot;_animation&quot;:&quot;fadeIn&quot;}\" data-widget_type=\"heading.default\">\n\t\t\t\t<div class=\"elementor-widget-container\">\n\t\t\t<span class=\"sub-title\">EmaCzech 2021<\/span><h2 class=\"elementor-heading-title elementor-size-default\">Storage Solution<\/h2>\t\t<\/div>\n\t\t\t\t<\/div>\n\t\t\t\t<div class=\"elementor-element elementor-element-95766dd animated-slow elementor-hidden-mobile elementor-widget-divider--view-line elementor-invisible elementor-widget elementor-widget-divider\" data-id=\"95766dd\" data-element_type=\"widget\" data-settings=\"{&quot;_animation&quot;:&quot;fadeIn&quot;}\" data-widget_type=\"divider.default\">\n\t\t\t\t<div class=\"elementor-widget-container\">\n\t\t\t\t\t<div class=\"elementor-divider\">\n\t\t\t<span class=\"elementor-divider-separator\">\n\t\t\t\t\t\t<\/span>\n\t\t<\/div>\n\t\t\t\t<\/div>\n\t\t\t\t<\/div>\n\t\t\t\t<\/div>\n\t\t<div class=\"elementor-element elementor-element-195025d e-con-full e-flex e-con e-child\" data-id=\"195025d\" data-element_type=\"container\">\n\t\t\t\t<div class=\"elementor-element elementor-element-6c638ea animated-slow elementor-invisible elementor-widget elementor-widget-image\" data-id=\"6c638ea\" data-element_type=\"widget\" data-settings=\"{&quot;_animation&quot;:&quot;fadeIn&quot;}\" data-widget_type=\"image.default\">\n\t\t\t\t<div class=\"elementor-widget-container\">\n\t\t\t\t\t\t\t\t\t\t\t\t\t<img fetchpriority=\"high\" decoding=\"async\" width=\"500\" height=\"500\" src=\"https:\/\/emaczech2021.net\/wp-content\/uploads\/2023\/11\/Logo-ema-bez-napisu-1.jpg\" class=\"attachment-large size-large wp-image-6833\" alt=\"EmaCzech 2021 - logo s b\u00edl\u00fdm pozad\u00edm, racking systems, racks, storage solution\" srcset=\"https:\/\/emaczech2021.net\/wp-content\/uploads\/2023\/11\/Logo-ema-bez-napisu-1.jpg 500w, https:\/\/emaczech2021.net\/wp-content\/uploads\/2023\/11\/Logo-ema-bez-napisu-1-300x300.jpg 300w, https:\/\/emaczech2021.net\/wp-content\/uploads\/2023\/11\/Logo-ema-bez-napisu-1-150x150.jpg 150w, https:\/\/emaczech2021.net\/wp-content\/uploads\/2023\/11\/Logo-ema-bez-napisu-1-100x100.jpg 100w\" sizes=\"(max-width: 500px) 100vw, 500px\" \/>\t\t\t\t\t\t\t\t\t\t\t\t\t<\/div>\n\t\t\t\t<\/div>\n\t\t\t\t<\/div>\n\t\t\t\t\t<\/div>\n\t\t\t\t<\/div>\n\t\t<div class=\"elementor-element elementor-element-d25ecb7 e-con-full elementor-hidden-tablet elementor-hidden-mobile e-flex e-con e-parent\" data-id=\"d25ecb7\" data-element_type=\"container\">\n\t\t\t\t<div class=\"elementor-element elementor-element-5b18dc3 elementor-align-left elementor-hidden-tablet elementor-hidden-mobile elementor-widget elementor-widget-heading\" data-id=\"5b18dc3\" data-element_type=\"widget\" data-widget_type=\"heading.default\">\n\t\t\t\t<div class=\"elementor-widget-container\">\n\t\t\t<h2 class=\"elementor-heading-title elementor-size-default\">All Types of Racking Systems<\/h2>\t\t<\/div>\n\t\t\t\t<\/div>\n\t\t\t\t<div class=\"elementor-element elementor-element-735b7dc animated-slow elementor-hidden-mobile elementor-widget-divider--view-line elementor-invisible elementor-widget elementor-widget-divider\" data-id=\"735b7dc\" data-element_type=\"widget\" data-settings=\"{&quot;_animation&quot;:&quot;fadeIn&quot;}\" data-widget_type=\"divider.default\">\n\t\t\t\t<div class=\"elementor-widget-container\">\n\t\t\t\t\t<div class=\"elementor-divider\">\n\t\t\t<span class=\"elementor-divider-separator\">\n\t\t\t\t\t\t<\/span>\n\t\t<\/div>\n\t\t\t\t<\/div>\n\t\t\t\t<\/div>\n\t\t\t\t<\/div>\n\t\t\t\t<section class=\"elementor-section elementor-top-section elementor-element elementor-element-fb3b61b elementor-section-boxed elementor-section-height-default elementor-section-height-default elementor-invisible\" data-id=\"fb3b61b\" data-element_type=\"section\" data-settings=\"{&quot;background_background&quot;:&quot;classic&quot;,&quot;animation&quot;:&quot;opal-move-up&quot;,&quot;animation_mobile&quot;:&quot;opal-move-up&quot;}\">\n\t\t\t\t\t\t<div class=\"elementor-container elementor-column-gap-no\">\n\t\t\t\t\t<div class=\"elementor-column elementor-col-100 elementor-top-column elementor-element elementor-element-fb266f1\" data-id=\"fb266f1\" data-element_type=\"column\" data-settings=\"{&quot;animation_mobile&quot;:&quot;none&quot;}\">\n\t\t\t<div class=\"elementor-widget-wrap elementor-element-populated\">\n\t\t\t\t\t\t<section class=\"elementor-section elementor-inner-section elementor-element elementor-element-47797bc elementor-section-boxed elementor-section-height-default elementor-section-height-default\" data-id=\"47797bc\" data-element_type=\"section\" data-settings=\"{&quot;animation_mobile&quot;:&quot;none&quot;}\">\n\t\t\t\t\t\t<div class=\"elementor-container elementor-column-gap-no\">\n\t\t\t\t\t<div class=\"elementor-column elementor-col-100 elementor-inner-column elementor-element elementor-element-2642af8\" data-id=\"2642af8\" data-element_type=\"column\" data-settings=\"{&quot;animation_mobile&quot;:&quot;none&quot;}\">\n\t\t\t<div class=\"elementor-widget-wrap elementor-element-populated\">\n\t\t\t\t\t\t<div class=\"elementor-element elementor-element-6d277c1 animated-slow elementor-widget elementor-widget-opal-featured-box\" data-id=\"6d277c1\" data-element_type=\"widget\" data-settings=\"{&quot;_animation&quot;:&quot;none&quot;,&quot;_animation_delay&quot;:0,&quot;columns_tablet&quot;:&quot;1&quot;,&quot;_animation_mobile&quot;:&quot;none&quot;,&quot;columns&quot;:&quot;3&quot;,&quot;columns_mobile&quot;:&quot;1&quot;}\" data-widget_type=\"opal-featured-box.default\">\n\t\t\t\t<div class=\"elementor-widget-container\">\n\t\t\t        <div class=\"elementor-featured-box-wrapper layout_1\">\n            <div class=\"row\" data-elementor-columns=\"3\" data-elementor-columns-tablet=\"1\" data-elementor-columns-mobile=\"1\">\n                                    <div class=\"elementor-featured-box-item column-item\">\n                                            <div class=\"elementor-featured-box-meta-inner\">\n                <div class=\"elementor-featured-box-icon\">\n                                    <\/div>\n                <div class=\"elementor-featured-box-content\">\n                                        <div class=\"elementor-featured-box-name\"><a href=\"https:\/\/emaczech2021.net\/portfolio\/procter-and-gamble\/\"><h5>Pallet Silo<\/h5><\/a><\/div>\n                    <div class=\"elementor-featured-box-description\">A type of racking designed for storing goods on pallets with higher load capacities.\n\n<\/div>\n\n                <\/div>\n            <\/div>\n\n        \n        \n        \n        \n        \n                            <\/div>\n                                    <div class=\"elementor-featured-box-item column-item\">\n                                            <div class=\"elementor-featured-box-meta-inner\">\n                <div class=\"elementor-featured-box-icon\">\n                                    <\/div>\n                <div class=\"elementor-featured-box-content\">\n                                        <div class=\"elementor-featured-box-name\"><a href=\"https:\/\/emaczech2021.net\/portfolio\/pepsico\/\"><h5>Pallet Rack<\/h5><\/a><\/div>\n                    <div class=\"elementor-featured-box-description\">A structure with horizontal beams and vertical columns specially designed for storing and handling pallets in warehouses and logistic spaces.\n<\/div>\n\n                <\/div>\n            <\/div>\n\n        \n        \n        \n        \n        \n                            <\/div>\n                                    <div class=\"elementor-featured-box-item column-item\">\n                                            <div class=\"elementor-featured-box-meta-inner\">\n                <div class=\"elementor-featured-box-icon\">\n                                    <\/div>\n                <div class=\"elementor-featured-box-content\">\n                                        <div class=\"elementor-featured-box-name\"><a href=\"https:\/\/emaczech2021.net\/portfolio\/picnic\/\"><h5>Shelving Racks<\/h5><\/a><\/div>\n                    <div class=\"elementor-featured-box-description\">A type of racking for storing small and medium-sized items with multiple levels and various shelf sizes.\n<\/div>\n\n                <\/div>\n            <\/div>\n\n        \n        \n        \n        \n        \n                            <\/div>\n                            <\/div>\n        <\/div>\n        \t\t<\/div>\n\t\t\t\t<\/div>\n\t\t\t\t\t<\/div>\n\t\t<\/div>\n\t\t\t\t\t<\/div>\n\t\t<\/section>\n\t\t\t\t<section class=\"elementor-section elementor-inner-section elementor-element elementor-element-c6353f1 elementor-section-boxed elementor-section-height-default elementor-section-height-default\" data-id=\"c6353f1\" data-element_type=\"section\" data-settings=\"{&quot;animation_mobile&quot;:&quot;none&quot;}\">\n\t\t\t\t\t\t<div class=\"elementor-container elementor-column-gap-no\">\n\t\t\t\t\t<div class=\"elementor-column elementor-col-100 elementor-inner-column elementor-element elementor-element-b4a4ce3\" data-id=\"b4a4ce3\" data-element_type=\"column\">\n\t\t\t<div class=\"elementor-widget-wrap elementor-element-populated\">\n\t\t\t\t\t\t<div class=\"elementor-element elementor-element-67b0d02 animated-slow elementor-widget elementor-widget-opal-featured-box\" data-id=\"67b0d02\" data-element_type=\"widget\" data-settings=\"{&quot;_animation&quot;:&quot;none&quot;,&quot;_animation_delay&quot;:0,&quot;columns_tablet&quot;:&quot;1&quot;,&quot;_animation_mobile&quot;:&quot;none&quot;,&quot;columns&quot;:&quot;3&quot;,&quot;columns_mobile&quot;:&quot;1&quot;}\" data-widget_type=\"opal-featured-box.default\">\n\t\t\t\t<div class=\"elementor-widget-container\">\n\t\t\t        <div class=\"elementor-featured-box-wrapper layout_1\">\n            <div class=\"row\" data-elementor-columns=\"3\" data-elementor-columns-tablet=\"1\" data-elementor-columns-mobile=\"1\">\n                                    <div class=\"elementor-featured-box-item column-item\">\n                                            <div class=\"elementor-featured-box-meta-inner\">\n                <div class=\"elementor-featured-box-icon\">\n                                    <\/div>\n                <div class=\"elementor-featured-box-content\">\n                                        <div class=\"elementor-featured-box-name\"><a href=\"https:\/\/www.facebook.com\/profile.php?id=100092652293615&#038;sk=photos\" target=\"_blank\" rel=\"noopener\">Cantilever Systems<\/a><\/div>\n                    <div class=\"elementor-featured-box-description\">A type of racking for storing long items with arms extending from the main racking structure.<\/div>\n\n                <\/div>\n            <\/div>\n\n        \n        \n        \n        \n        \n                            <\/div>\n                                    <div class=\"elementor-featured-box-item column-item\">\n                                            <div class=\"elementor-featured-box-meta-inner\">\n                <div class=\"elementor-featured-box-icon\">\n                                    <\/div>\n                <div class=\"elementor-featured-box-content\">\n                                        <div class=\"elementor-featured-box-name\"><a href=\"https:\/\/www.facebook.com\/profile.php?id=100092652293615&#038;sk=photos\" target=\"_blank\" rel=\"noopener\">Drive-in Systems<\/a><\/div>\n                    <div class=\"elementor-featured-box-description\">A type of movable racking that slides on rails, allowing easy access to each pallet.\n<\/div>\n\n                <\/div>\n            <\/div>\n\n        \n        \n        \n        \n        \n                            <\/div>\n                                    <div class=\"elementor-featured-box-item column-item\">\n                                            <div class=\"elementor-featured-box-meta-inner\">\n                <div class=\"elementor-featured-box-icon\">\n                                    <\/div>\n                <div class=\"elementor-featured-box-content\">\n                                        <div class=\"elementor-featured-box-name\"><a href=\"https:\/\/www.facebook.com\/profile.php?id=100092652293615&#038;sk=photos\" target=\"_blank\" rel=\"noopener\">Stackers<\/a><\/div>\n                    <div class=\"elementor-featured-box-description\">Devices that facilitate easy handling of pallets during loading and unloading.\n<\/div>\n\n                <\/div>\n            <\/div>\n\n        \n        \n        \n        \n        \n                            <\/div>\n                            <\/div>\n        <\/div>\n        \t\t<\/div>\n\t\t\t\t<\/div>\n\t\t\t\t\t<\/div>\n\t\t<\/div>\n\t\t\t\t\t<\/div>\n\t\t<\/section>\n\t\t\t\t\t<\/div>\n\t\t<\/div>\n\t\t\t\t\t<\/div>\n\t\t<\/section>\n\t\t<div class=\"elementor-element elementor-element-dc139ee e-flex e-con-boxed e-con e-parent\" data-id=\"dc139ee\" data-element_type=\"container\">\n\t\t\t\t\t<div class=\"e-con-inner\">\n\t\t\t\t<div class=\"elementor-element elementor-element-d6956f4 elementor-align-center elementor-button-primary elementor-widget elementor-widget-button\" data-id=\"d6956f4\" data-element_type=\"widget\" data-widget_type=\"button.default\">\n\t\t\t\t<div class=\"elementor-widget-container\">\n\t\t\t        <div class=\"elementor-button-wrapper\">\n            <a href=\"https:\/\/www.emaczech2021.net\/en\/projects\" class=\"elementor-button-link elementor-button elementor-size-md button-sweep\" role=\"button\">\n                \t\t<span class=\"elementor-button-content-wrapper\">\n\t\t\t\t\t\t<span class=\"elementor-button-icon\">\n\t\t\t\t\t\t\t\t\t<i class=\"opal-icon-long-arrow-right\" aria-hidden=\"true\"><\/i>\n\t\t\t\t\t\t\t<\/span>\n\t\t\t\t\t\t\t\t\t<span class=\"elementor-button-text\">Projects<\/span>\n\t\t\t\t\t<\/span>\n\t\t            <\/a>\n        <\/div>\n        \t\t<\/div>\n\t\t\t\t<\/div>\n\t\t\t\t\t<\/div>\n\t\t\t\t<\/div>\n\t\t\t\t<\/div>\n\t\t","protected":false},"excerpt":{"rendered":"<p>EmaCzech 2021 Storage Solution All Types of Racking Systems Pallet Silo A type of racking designed for storing goods on pallets with higher load capacities. Pallet Rack A structure with horizontal beams and vertical columns specially designed for storing and handling pallets in warehouses and logistic spaces. Shelving Racks A type of racking for storing &hellip; <\/p>\n<p class=\"link-more\"><a href=\"https:\/\/emaczech2021.net\/en\/storage-solution\/\" class=\"more-link\">Read More <i class=\"opal-icon-long-arrow-right\"><\/i><span class=\"screen-reader-text\"> &#8220;Storage Solution&#8221;<\/span><\/a><\/p>\n","protected":false},"author":1,"featured_media":0,"parent":0,"menu_order":0,"comment_status":"closed","ping_status":"closed","template":"page-elementor.php","meta":{"inline_featured_image":false,"footnotes":""},"class_list":["post-8560","page","type-page","status-publish","hentry"],"_links":{"self":[{"href":"https:\/\/emaczech2021.net\/en\/wp-json\/wp\/v2\/pages\/8560","targetHints":{"allow":["GET"]}}],"collection":[{"href":"https:\/\/emaczech2021.net\/en\/wp-json\/wp\/v2\/pages"}],"about":[{"href":"https:\/\/emaczech2021.net\/en\/wp-json\/wp\/v2\/types\/page"}],"author":[{"embeddable":true,"href":"https:\/\/emaczech2021.net\/en\/wp-json\/wp\/v2\/users\/1"}],"replies":[{"embeddable":true,"href":"https:\/\/emaczech2021.net\/en\/wp-json\/wp\/v2\/comments?post=8560"}],"version-history":[{"count":43,"href":"https:\/\/emaczech2021.net\/en\/wp-json\/wp\/v2\/pages\/8560\/revisions"}],"predecessor-version":[{"id":10839,"href":"https:\/\/emaczech2021.net\/en\/wp-json\/wp\/v2\/pages\/8560\/revisions\/10839"}],"wp:attachment":[{"href":"https:\/\/emaczech2021.net\/en\/wp-json\/wp\/v2\/media?parent=8560"}],"curies":[{"name":"wp","href":"https:\/\/api.w.org\/{rel}","templated":true}]}}