{"id":8541,"date":"2023-11-17T17:16:28","date_gmt":"2023-11-17T16:16:28","guid":{"rendered":"https:\/\/emaczech2021.net\/euromontur-assemblies\/"},"modified":"2024-03-09T05:03:57","modified_gmt":"2024-03-09T04:03:57","slug":"euromontur-assemblies","status":"publish","type":"page","link":"https:\/\/emaczech2021.net\/en\/euromontur-assemblies\/","title":{"rendered":"Euromontur Assemblies, S.L."},"content":{"rendered":"\t\t<div data-elementor-type=\"wp-page\" data-elementor-id=\"8541\" class=\"elementor elementor-8541 elementor-5455\">\n\t\t\t\t<div class=\"elementor-element elementor-element-af51e0b e-flex e-con-boxed e-con e-parent\" data-id=\"af51e0b\" data-element_type=\"container\">\n\t\t\t\t\t<div class=\"e-con-inner\">\n\t\t\t\t<div class=\"elementor-element elementor-element-806b0ee elementor-align-left elementor-widget elementor-widget-heading\" data-id=\"806b0ee\" data-element_type=\"widget\" data-settings=\"{&quot;_animation&quot;:&quot;none&quot;,&quot;_animation_tablet&quot;:&quot;none&quot;,&quot;_animation_mobile&quot;:&quot;none&quot;}\" data-widget_type=\"heading.default\">\n\t\t\t\t<div class=\"elementor-widget-container\">\n\t\t\t<span class=\"sub-title\">MAIN STRATEGIC PARTNER SINCE 2021<\/span><h2 class=\"elementor-heading-title elementor-size-default\">EUROMONTUR ASSEMBLIES, S.L.<\/h2>\t\t<\/div>\n\t\t\t\t<\/div>\n\t\t\t\t\t<\/div>\n\t\t\t\t<\/div>\n\t\t<div class=\"elementor-element elementor-element-1ea154f e-flex e-con-boxed e-con e-parent\" data-id=\"1ea154f\" data-element_type=\"container\">\n\t\t\t\t\t<div class=\"e-con-inner\">\n\t\t\t\t<div class=\"elementor-element elementor-element-6030479 elementor-widget elementor-widget-text-editor\" data-id=\"6030479\" data-element_type=\"widget\" data-settings=\"{&quot;_animation&quot;:&quot;none&quot;,&quot;_animation_tablet&quot;:&quot;none&quot;,&quot;_animation_mobile&quot;:&quot;none&quot;}\" data-widget_type=\"text-editor.default\">\n\t\t\t\t<div class=\"elementor-widget-container\">\n\t\t\t        <div class=\"elementor-text-editor elementor-clearfix\"><p>It has been our main strategic partner and a leading player in the assembly and maintenance of automatic racking systems and warehouses, with international operations in more than ten countries, including Spain, Portugal, the United Kingdom, Italy, France, Germany, Belgium, Ireland, South Africa, and the United Arab Emirates.<\/p><\/div>\n        \t\t<\/div>\n\t\t\t\t<\/div>\n\t\t\t\t\t<\/div>\n\t\t\t\t<\/div>\n\t\t\t\t<section class=\"elementor-section elementor-top-section elementor-element elementor-element-291e946 elementor-section-content-middle elementor-section-boxed elementor-section-height-default elementor-section-height-default\" data-id=\"291e946\" data-element_type=\"section\">\n\t\t\t\t\t\t<div class=\"elementor-container elementor-column-gap-no\">\n\t\t\t\t\t<div class=\"elementor-column elementor-col-50 elementor-top-column elementor-element elementor-element-e694825\" data-id=\"e694825\" data-element_type=\"column\">\n\t\t\t<div class=\"elementor-widget-wrap elementor-element-populated\">\n\t\t\t\t\t\t<div class=\"elementor-element elementor-element-5a7abef elementor-invisible elementor-widget elementor-widget-image\" data-id=\"5a7abef\" data-element_type=\"widget\" data-settings=\"{&quot;_animation&quot;:&quot;opal-move-right&quot;,&quot;_animation_delay&quot;:100,&quot;_animation_mobile&quot;:&quot;opal-move-right&quot;}\" data-widget_type=\"image.default\">\n\t\t\t\t<div class=\"elementor-widget-container\">\n\t\t\t\t\t\t\t\t\t\t\t\t\t\t<a href=\"https:\/\/www.emaczech2021.net\/en\">\n\t\t\t\t\t\t\t<img fetchpriority=\"high\" decoding=\"async\" width=\"500\" height=\"500\" src=\"https:\/\/emaczech2021.net\/wp-content\/uploads\/2023\/11\/Logo-ema-bez-napisu-1.jpg\" class=\"elementor-animation-grow attachment-full size-full wp-image-6833\" alt=\"EmaCzech 2021 - logo s b\u00edl\u00fdm pozad\u00edm, racking systems, racks, storage solution\" srcset=\"https:\/\/emaczech2021.net\/wp-content\/uploads\/2023\/11\/Logo-ema-bez-napisu-1.jpg 500w, https:\/\/emaczech2021.net\/wp-content\/uploads\/2023\/11\/Logo-ema-bez-napisu-1-300x300.jpg 300w, https:\/\/emaczech2021.net\/wp-content\/uploads\/2023\/11\/Logo-ema-bez-napisu-1-150x150.jpg 150w, https:\/\/emaczech2021.net\/wp-content\/uploads\/2023\/11\/Logo-ema-bez-napisu-1-100x100.jpg 100w\" sizes=\"(max-width: 500px) 100vw, 500px\" \/>\t\t\t\t\t\t\t\t<\/a>\n\t\t\t\t\t\t\t\t\t\t\t\t\t<\/div>\n\t\t\t\t<\/div>\n\t\t\t\t\t<\/div>\n\t\t<\/div>\n\t\t\t\t<div class=\"elementor-column elementor-col-50 elementor-top-column elementor-element elementor-element-1173db1\" data-id=\"1173db1\" data-element_type=\"column\">\n\t\t\t<div class=\"elementor-widget-wrap elementor-element-populated\">\n\t\t\t\t\t\t<div class=\"elementor-element elementor-element-ca3e018 elementor-invisible elementor-widget elementor-widget-image\" data-id=\"ca3e018\" data-element_type=\"widget\" data-settings=\"{&quot;_animation&quot;:&quot;opal-move-left&quot;,&quot;_animation_delay&quot;:100,&quot;_animation_mobile&quot;:&quot;opal-move-left&quot;}\" data-widget_type=\"image.default\">\n\t\t\t\t<div class=\"elementor-widget-container\">\n\t\t\t\t\t\t\t\t\t\t\t\t\t\t<a href=\"https:\/\/www.euromontur.net\/\" target=\"_blank\" rel=\"noopener\">\n\t\t\t\t\t\t\t<img decoding=\"async\" width=\"513\" height=\"98\" src=\"https:\/\/emaczech2021.net\/wp-content\/uploads\/2023\/11\/images-removebg-preview.png\" class=\"elementor-animation-grow attachment-large size-large wp-image-5131\" alt=\"EUROMONTUR Assemblies S.L. - logo hlavn\u00edho partnera\" srcset=\"https:\/\/emaczech2021.net\/wp-content\/uploads\/2023\/11\/images-removebg-preview.png 513w, https:\/\/emaczech2021.net\/wp-content\/uploads\/2023\/11\/images-removebg-preview-300x57.png 300w\" sizes=\"(max-width: 513px) 100vw, 513px\" \/>\t\t\t\t\t\t\t\t<\/a>\n\t\t\t\t\t\t\t\t\t\t\t\t\t<\/div>\n\t\t\t\t<\/div>\n\t\t\t\t<div class=\"elementor-element elementor-element-944140a elementor-align-center elementor-mobile-align-center elementor-button-primary elementor-invisible elementor-widget elementor-widget-button\" data-id=\"944140a\" data-element_type=\"widget\" data-settings=\"{&quot;_animation&quot;:&quot;opal-move-up&quot;,&quot;_animation_delay&quot;:800,&quot;_animation_mobile&quot;:&quot;opal-move-up&quot;}\" data-widget_type=\"button.default\">\n\t\t\t\t<div class=\"elementor-widget-container\">\n\t\t\t        <div class=\"elementor-button-wrapper\">\n            <a href=\"https:\/\/www.euromontur.net\/index.php\/en\/\" class=\"elementor-button-link elementor-button elementor-size-sm button-sweep\" target=\"_blank\" role=\"button\">\n                \t\t<span class=\"elementor-button-content-wrapper\">\n\t\t\t\t\t\t<span class=\"elementor-button-icon\">\n\t\t\t\t\t\t\t\t\t<i class=\"opal-icon-long-arrow-right\" aria-hidden=\"true\"><\/i>\n\t\t\t\t\t\t\t<\/span>\n\t\t\t\t\t\t\t\t\t<span class=\"elementor-button-text\">Visit Website<\/span>\n\t\t\t\t\t<\/span>\n\t\t            <\/a>\n        <\/div>\n        \t\t<\/div>\n\t\t\t\t<\/div>\n\t\t\t\t\t<\/div>\n\t\t<\/div>\n\t\t\t\t\t<\/div>\n\t\t<\/section>\n\t\t\t\t<\/div>\n\t\t","protected":false},"excerpt":{"rendered":"<p>MAIN STRATEGIC PARTNER SINCE 2021 EUROMONTUR ASSEMBLIES, S.L. It has been our main strategic partner and a leading player in the assembly and maintenance of automatic racking systems and warehouses, with international operations in more than ten countries, including Spain, Portugal, the United Kingdom, Italy, France, Germany, Belgium, Ireland, South Africa, and the United Arab &hellip; <\/p>\n<p class=\"link-more\"><a href=\"https:\/\/emaczech2021.net\/en\/euromontur-assemblies\/\" class=\"more-link\">Read More <i class=\"opal-icon-long-arrow-right\"><\/i><span class=\"screen-reader-text\"> &#8220;Euromontur Assemblies, S.L.&#8221;<\/span><\/a><\/p>\n","protected":false},"author":1,"featured_media":0,"parent":0,"menu_order":0,"comment_status":"closed","ping_status":"closed","template":"page-elementor.php","meta":{"inline_featured_image":false,"footnotes":""},"class_list":["post-8541","page","type-page","status-publish","hentry"],"_links":{"self":[{"href":"https:\/\/emaczech2021.net\/en\/wp-json\/wp\/v2\/pages\/8541","targetHints":{"allow":["GET"]}}],"collection":[{"href":"https:\/\/emaczech2021.net\/en\/wp-json\/wp\/v2\/pages"}],"about":[{"href":"https:\/\/emaczech2021.net\/en\/wp-json\/wp\/v2\/types\/page"}],"author":[{"embeddable":true,"href":"https:\/\/emaczech2021.net\/en\/wp-json\/wp\/v2\/users\/1"}],"replies":[{"embeddable":true,"href":"https:\/\/emaczech2021.net\/en\/wp-json\/wp\/v2\/comments?post=8541"}],"version-history":[{"count":25,"href":"https:\/\/emaczech2021.net\/en\/wp-json\/wp\/v2\/pages\/8541\/revisions"}],"predecessor-version":[{"id":10907,"href":"https:\/\/emaczech2021.net\/en\/wp-json\/wp\/v2\/pages\/8541\/revisions\/10907"}],"wp:attachment":[{"href":"https:\/\/emaczech2021.net\/en\/wp-json\/wp\/v2\/media?parent=8541"}],"curies":[{"name":"wp","href":"https:\/\/api.w.org\/{rel}","templated":true}]}}