{"id":8561,"date":"2023-11-30T23:07:37","date_gmt":"2023-11-30T22:07:37","guid":{"rendered":"https:\/\/emaczech2021.net\/regalove-systemy\/"},"modified":"2024-03-09T03:32:04","modified_gmt":"2024-03-09T02:32:04","slug":"regalsysteme","status":"publish","type":"page","link":"https:\/\/emaczech2021.net\/de\/regalsysteme\/","title":{"rendered":"Regalsysteme"},"content":{"rendered":"\t\t<div data-elementor-type=\"wp-page\" data-elementor-id=\"8561\" class=\"elementor elementor-8561 elementor-7351\">\n\t\t\t\t<div class=\"elementor-element elementor-element-a3f1634 e-flex e-con-boxed e-con e-parent\" data-id=\"a3f1634\" data-element_type=\"container\" id=\"regaly\" data-settings=\"{&quot;background_background&quot;:&quot;classic&quot;}\">\n\t\t\t\t\t<div class=\"e-con-inner\">\n\t\t<div class=\"elementor-element elementor-element-b52c801 e-con-full elementor-hidden-mobile e-flex e-con e-child\" data-id=\"b52c801\" data-element_type=\"container\">\n\t\t\t\t<div class=\"elementor-element elementor-element-98f9d58 elementor-align-left animated-slow elementor-mobile-align-left elementor-invisible elementor-widget elementor-widget-heading\" data-id=\"98f9d58\" data-element_type=\"widget\" data-settings=\"{&quot;_animation&quot;:&quot;fadeIn&quot;}\" data-widget_type=\"heading.default\">\n\t\t\t\t<div class=\"elementor-widget-container\">\n\t\t\t<span class=\"sub-title\">EmaCzech 2021<\/span><h2 class=\"elementor-heading-title elementor-size-default\">Alle Arten von Regalsystemen<\/h2>\t\t<\/div>\n\t\t\t\t<\/div>\n\t\t\t\t<div class=\"elementor-element elementor-element-95766dd animated-slow elementor-hidden-mobile elementor-widget-divider--view-line elementor-invisible elementor-widget elementor-widget-divider\" data-id=\"95766dd\" data-element_type=\"widget\" data-settings=\"{&quot;_animation&quot;:&quot;fadeIn&quot;}\" data-widget_type=\"divider.default\">\n\t\t\t\t<div class=\"elementor-widget-container\">\n\t\t\t\t\t<div class=\"elementor-divider\">\n\t\t\t<span class=\"elementor-divider-separator\">\n\t\t\t\t\t\t<\/span>\n\t\t<\/div>\n\t\t\t\t<\/div>\n\t\t\t\t<\/div>\n\t\t\t\t<\/div>\n\t\t<div class=\"elementor-element elementor-element-195025d e-con-full e-flex e-con e-child\" data-id=\"195025d\" data-element_type=\"container\">\n\t\t\t\t<div class=\"elementor-element elementor-element-6c638ea animated-slow elementor-invisible elementor-widget elementor-widget-image\" data-id=\"6c638ea\" data-element_type=\"widget\" data-settings=\"{&quot;_animation&quot;:&quot;fadeIn&quot;}\" data-widget_type=\"image.default\">\n\t\t\t\t<div class=\"elementor-widget-container\">\n\t\t\t\t\t\t\t\t\t\t\t\t\t<img fetchpriority=\"high\" decoding=\"async\" width=\"500\" height=\"500\" src=\"https:\/\/emaczech2021.net\/wp-content\/uploads\/2023\/11\/Logo-ema-bez-napisu-1.jpg\" class=\"attachment-large size-large wp-image-6834\" alt=\"EmaCzech 2021 - logo s b\u00edl\u00fdm pozad\u00edm, z\u00e1kladn\u00ed \u00fadaje, reg\u00e1lov\u00e9 syst\u00e9my, reg\u00e1ly, company overview, firmendaten, regalsysteme, regale\" srcset=\"https:\/\/emaczech2021.net\/wp-content\/uploads\/2023\/11\/Logo-ema-bez-napisu-1.jpg 500w, https:\/\/emaczech2021.net\/wp-content\/uploads\/2023\/11\/Logo-ema-bez-napisu-1-300x300.jpg 300w, https:\/\/emaczech2021.net\/wp-content\/uploads\/2023\/11\/Logo-ema-bez-napisu-1-150x150.jpg 150w, https:\/\/emaczech2021.net\/wp-content\/uploads\/2023\/11\/Logo-ema-bez-napisu-1-100x100.jpg 100w\" sizes=\"(max-width: 500px) 100vw, 500px\" \/>\t\t\t\t\t\t\t\t\t\t\t\t\t<\/div>\n\t\t\t\t<\/div>\n\t\t\t\t<\/div>\n\t\t\t\t\t<\/div>\n\t\t\t\t<\/div>\n\t\t<div class=\"elementor-element elementor-element-a089a7a e-con-full e-flex e-con e-parent\" data-id=\"a089a7a\" data-element_type=\"container\">\n\t\t\t\t<div class=\"elementor-element elementor-element-c3b9667 elementor-hidden-tablet elementor-hidden-mobile elementor-widget elementor-widget-heading\" data-id=\"c3b9667\" data-element_type=\"widget\" data-widget_type=\"heading.default\">\n\t\t\t\t<div class=\"elementor-widget-container\">\n\t\t\t<h2 class=\"elementor-heading-title elementor-size-default\"><a href=\"https:\/\/www.facebook.com\/profile.php?id=100092652293615&amp;sk=photos\" target=\"_blank\" rel=\"noopener\">Regale: Vielfalt & Systeme<\/a><\/h2>\t\t<\/div>\n\t\t\t\t<\/div>\n\t\t\t\t<div class=\"elementor-element elementor-element-85e20bf animated-slow elementor-hidden-mobile elementor-widget-divider--view-line elementor-invisible elementor-widget elementor-widget-divider\" data-id=\"85e20bf\" data-element_type=\"widget\" data-settings=\"{&quot;_animation&quot;:&quot;fadeIn&quot;}\" data-widget_type=\"divider.default\">\n\t\t\t\t<div class=\"elementor-widget-container\">\n\t\t\t\t\t<div class=\"elementor-divider\">\n\t\t\t<span class=\"elementor-divider-separator\">\n\t\t\t\t\t\t<\/span>\n\t\t<\/div>\n\t\t\t\t<\/div>\n\t\t\t\t<\/div>\n\t\t\t\t<\/div>\n\t\t\t\t<section class=\"elementor-section elementor-top-section elementor-element elementor-element-fb3b61b elementor-section-boxed elementor-section-height-default elementor-section-height-default elementor-invisible\" data-id=\"fb3b61b\" data-element_type=\"section\" data-settings=\"{&quot;background_background&quot;:&quot;classic&quot;,&quot;animation&quot;:&quot;opal-move-up&quot;,&quot;animation_mobile&quot;:&quot;opal-move-up&quot;}\">\n\t\t\t\t\t\t<div class=\"elementor-container elementor-column-gap-no\">\n\t\t\t\t\t<div class=\"elementor-column elementor-col-100 elementor-top-column elementor-element elementor-element-fb266f1\" data-id=\"fb266f1\" data-element_type=\"column\" data-settings=\"{&quot;animation_mobile&quot;:&quot;none&quot;}\">\n\t\t\t<div class=\"elementor-widget-wrap elementor-element-populated\">\n\t\t\t\t\t\t<section class=\"elementor-section elementor-inner-section elementor-element elementor-element-47797bc elementor-section-boxed elementor-section-height-default elementor-section-height-default\" data-id=\"47797bc\" data-element_type=\"section\" data-settings=\"{&quot;animation_mobile&quot;:&quot;none&quot;}\">\n\t\t\t\t\t\t<div class=\"elementor-container elementor-column-gap-no\">\n\t\t\t\t\t<div class=\"elementor-column elementor-col-100 elementor-inner-column elementor-element elementor-element-2642af8\" data-id=\"2642af8\" data-element_type=\"column\" data-settings=\"{&quot;animation_mobile&quot;:&quot;none&quot;}\">\n\t\t\t<div class=\"elementor-widget-wrap elementor-element-populated\">\n\t\t\t\t\t\t<div class=\"elementor-element elementor-element-6d277c1 animated-slow elementor-widget elementor-widget-opal-featured-box\" data-id=\"6d277c1\" data-element_type=\"widget\" data-settings=\"{&quot;_animation&quot;:&quot;none&quot;,&quot;_animation_delay&quot;:0,&quot;columns_tablet&quot;:&quot;1&quot;,&quot;_animation_mobile&quot;:&quot;none&quot;,&quot;columns&quot;:&quot;3&quot;,&quot;columns_mobile&quot;:&quot;1&quot;}\" data-widget_type=\"opal-featured-box.default\">\n\t\t\t\t<div class=\"elementor-widget-container\">\n\t\t\t        <div class=\"elementor-featured-box-wrapper layout_1\">\n            <div class=\"row\" data-elementor-columns=\"3\" data-elementor-columns-tablet=\"1\" data-elementor-columns-mobile=\"1\">\n                                    <div class=\"elementor-featured-box-item column-item\">\n                                            <div class=\"elementor-featured-box-meta-inner\">\n                <div class=\"elementor-featured-box-icon\">\n                                    <\/div>\n                <div class=\"elementor-featured-box-content\">\n                                        <div class=\"elementor-featured-box-name\">Paletten-silo<\/div>\n                    <div class=\"elementor-featured-box-description\">Art von Regalen f\u00fcr die Lagerung von Waren auf Paletten mit h\u00f6herer Tragf\u00e4higkeit<\/div>\n\n                <\/div>\n            <\/div>\n\n        \n        \n        \n        \n        \n                            <\/div>\n                                    <div class=\"elementor-featured-box-item column-item\">\n                                            <div class=\"elementor-featured-box-meta-inner\">\n                <div class=\"elementor-featured-box-icon\">\n                                    <\/div>\n                <div class=\"elementor-featured-box-content\">\n                                        <div class=\"elementor-featured-box-name\">Palettenregale<\/div>\n                    <div class=\"elementor-featured-box-description\">Konstruktion mit horizontalen Tr\u00e4gern und vertikalen S\u00e4ulen, speziell entworfen f\u00fcr die Lagerung und Handhabung von Paletten in Lager- und Logistikbereichen<\/div>\n\n                <\/div>\n            <\/div>\n\n        \n        \n        \n        \n        \n                            <\/div>\n                                    <div class=\"elementor-featured-box-item column-item\">\n                                            <div class=\"elementor-featured-box-meta-inner\">\n                <div class=\"elementor-featured-box-icon\">\n                                    <\/div>\n                <div class=\"elementor-featured-box-content\">\n                                        <div class=\"elementor-featured-box-name\">Fachbodenregale<\/div>\n                    <div class=\"elementor-featured-box-description\">Lagerl\u00f6sungen f\u00fcr kleine bis mittelgro\u00dfe Gegenst\u00e4nde mit mehreren Ebenen und unterschiedlichen Fachgr\u00f6\u00dfen\n<\/div>\n\n                <\/div>\n            <\/div>\n\n        \n        \n        \n        \n        \n                            <\/div>\n                            <\/div>\n        <\/div>\n        \t\t<\/div>\n\t\t\t\t<\/div>\n\t\t\t\t\t<\/div>\n\t\t<\/div>\n\t\t\t\t\t<\/div>\n\t\t<\/section>\n\t\t\t\t<section class=\"elementor-section elementor-inner-section elementor-element elementor-element-c6353f1 elementor-section-boxed elementor-section-height-default elementor-section-height-default\" data-id=\"c6353f1\" data-element_type=\"section\" data-settings=\"{&quot;animation_mobile&quot;:&quot;none&quot;}\">\n\t\t\t\t\t\t<div class=\"elementor-container elementor-column-gap-no\">\n\t\t\t\t\t<div class=\"elementor-column elementor-col-100 elementor-inner-column elementor-element elementor-element-b4a4ce3\" data-id=\"b4a4ce3\" data-element_type=\"column\">\n\t\t\t<div class=\"elementor-widget-wrap elementor-element-populated\">\n\t\t\t\t\t\t<div class=\"elementor-element elementor-element-67b0d02 animated-slow elementor-widget elementor-widget-opal-featured-box\" data-id=\"67b0d02\" data-element_type=\"widget\" data-settings=\"{&quot;_animation&quot;:&quot;none&quot;,&quot;_animation_delay&quot;:0,&quot;columns_tablet&quot;:&quot;1&quot;,&quot;_animation_mobile&quot;:&quot;none&quot;,&quot;columns&quot;:&quot;3&quot;,&quot;columns_mobile&quot;:&quot;1&quot;}\" data-widget_type=\"opal-featured-box.default\">\n\t\t\t\t<div class=\"elementor-widget-container\">\n\t\t\t        <div class=\"elementor-featured-box-wrapper layout_1\">\n            <div class=\"row\" data-elementor-columns=\"3\" data-elementor-columns-tablet=\"1\" data-elementor-columns-mobile=\"1\">\n                                    <div class=\"elementor-featured-box-item column-item\">\n                                            <div class=\"elementor-featured-box-meta-inner\">\n                <div class=\"elementor-featured-box-icon\">\n                                    <\/div>\n                <div class=\"elementor-featured-box-content\">\n                                        <div class=\"elementor-featured-box-name\">Kragarmregale<\/div>\n                    <div class=\"elementor-featured-box-description\">Lagersysteme f\u00fcr lange Gegenst\u00e4nde mit aus der Hauptstruktur herausragenden Tr\u00e4gern<\/div>\n\n                <\/div>\n            <\/div>\n\n        \n        \n        \n        \n        \n                            <\/div>\n                                    <div class=\"elementor-featured-box-item column-item\">\n                                            <div class=\"elementor-featured-box-meta-inner\">\n                <div class=\"elementor-featured-box-icon\">\n                                    <\/div>\n                <div class=\"elementor-featured-box-content\">\n                                        <div class=\"elementor-featured-box-name\">Durchfahrregale<\/div>\n                    <div class=\"elementor-featured-box-description\">Bewegliche Regale, die auf Schienen gleiten und einen einfachen Zugang zu jeder Palette erm\u00f6glichen\n<\/div>\n\n                <\/div>\n            <\/div>\n\n        \n        \n        \n        \n        \n                            <\/div>\n                                    <div class=\"elementor-featured-box-item column-item\">\n                                            <div class=\"elementor-featured-box-meta-inner\">\n                <div class=\"elementor-featured-box-icon\">\n                                    <\/div>\n                <div class=\"elementor-featured-box-content\">\n                                        <div class=\"elementor-featured-box-name\">Palettenheber<\/div>\n                    <div class=\"elementor-featured-box-description\">Ger\u00e4te, die eine einfache Handhabung von Paletten beim Be- und Entladen erm\u00f6glichen<\/div>\n\n                <\/div>\n            <\/div>\n\n        \n        \n        \n        \n        \n                            <\/div>\n                            <\/div>\n        <\/div>\n        \t\t<\/div>\n\t\t\t\t<\/div>\n\t\t\t\t\t<\/div>\n\t\t<\/div>\n\t\t\t\t\t<\/div>\n\t\t<\/section>\n\t\t\t\t\t<\/div>\n\t\t<\/div>\n\t\t\t\t\t<\/div>\n\t\t<\/section>\n\t\t<div class=\"elementor-element elementor-element-74bed2e e-flex e-con-boxed e-con e-parent\" data-id=\"74bed2e\" data-element_type=\"container\">\n\t\t\t\t\t<div class=\"e-con-inner\">\n\t\t\t\t<div class=\"elementor-element elementor-element-cd14dd1 elementor-align-center elementor-button-primary elementor-widget elementor-widget-button\" data-id=\"cd14dd1\" data-element_type=\"widget\" data-widget_type=\"button.default\">\n\t\t\t\t<div class=\"elementor-widget-container\">\n\t\t\t        <div class=\"elementor-button-wrapper\">\n            <a href=\"https:\/\/www.emaczech2021.net\/de\/projekte\" class=\"elementor-button-link elementor-button elementor-size-md button-sweep\" role=\"button\">\n                \t\t<span class=\"elementor-button-content-wrapper\">\n\t\t\t\t\t\t<span class=\"elementor-button-icon\">\n\t\t\t\t\t\t\t\t\t<i class=\"opal-icon-long-arrow-right\" aria-hidden=\"true\"><\/i>\n\t\t\t\t\t\t\t<\/span>\n\t\t\t\t\t\t\t\t\t<span class=\"elementor-button-text\">Projekte<\/span>\n\t\t\t\t\t<\/span>\n\t\t            <\/a>\n        <\/div>\n        \t\t<\/div>\n\t\t\t\t<\/div>\n\t\t\t\t\t<\/div>\n\t\t\t\t<\/div>\n\t\t\t\t<\/div>\n\t\t","protected":false},"excerpt":{"rendered":"<p>EmaCzech 2021 Alle Arten von Regalsystemen Regale: Vielfalt &#038; Systeme Paletten-silo Art von Regalen f\u00fcr die Lagerung von Waren auf Paletten mit h\u00f6herer Tragf\u00e4higkeit Palettenregale Konstruktion mit horizontalen Tr\u00e4gern und vertikalen S\u00e4ulen, speziell entworfen f\u00fcr die Lagerung und Handhabung von Paletten in Lager- und Logistikbereichen Fachbodenregale Lagerl\u00f6sungen f\u00fcr kleine bis mittelgro\u00dfe Gegenst\u00e4nde mit mehreren Ebenen &hellip; <\/p>\n<p class=\"link-more\"><a href=\"https:\/\/emaczech2021.net\/de\/regalsysteme\/\" class=\"more-link\">Read More <i class=\"opal-icon-long-arrow-right\"><\/i><span class=\"screen-reader-text\"> &#8222;Regalsysteme&#8220;<\/span><\/a><\/p>\n","protected":false},"author":1,"featured_media":0,"parent":0,"menu_order":0,"comment_status":"closed","ping_status":"closed","template":"page-elementor.php","meta":{"inline_featured_image":false,"footnotes":""},"class_list":["post-8561","page","type-page","status-publish","hentry"],"_links":{"self":[{"href":"https:\/\/emaczech2021.net\/de\/wp-json\/wp\/v2\/pages\/8561","targetHints":{"allow":["GET"]}}],"collection":[{"href":"https:\/\/emaczech2021.net\/de\/wp-json\/wp\/v2\/pages"}],"about":[{"href":"https:\/\/emaczech2021.net\/de\/wp-json\/wp\/v2\/types\/page"}],"author":[{"embeddable":true,"href":"https:\/\/emaczech2021.net\/de\/wp-json\/wp\/v2\/users\/1"}],"replies":[{"embeddable":true,"href":"https:\/\/emaczech2021.net\/de\/wp-json\/wp\/v2\/comments?post=8561"}],"version-history":[{"count":39,"href":"https:\/\/emaczech2021.net\/de\/wp-json\/wp\/v2\/pages\/8561\/revisions"}],"predecessor-version":[{"id":10845,"href":"https:\/\/emaczech2021.net\/de\/wp-json\/wp\/v2\/pages\/8561\/revisions\/10845"}],"wp:attachment":[{"href":"https:\/\/emaczech2021.net\/de\/wp-json\/wp\/v2\/media?parent=8561"}],"curies":[{"name":"wp","href":"https:\/\/api.w.org\/{rel}","templated":true}]}}