{"id":8553,"date":"2019-06-13T08:28:14","date_gmt":"2019-06-13T06:28:14","guid":{"rendered":"https:\/\/emaczech2021.net\/nabor-zamestnancu\/"},"modified":"2024-03-09T04:22:30","modified_gmt":"2024-03-09T03:22:30","slug":"karriere","status":"publish","type":"page","link":"https:\/\/emaczech2021.net\/de\/karriere\/","title":{"rendered":"Karriere"},"content":{"rendered":"\t\t<div data-elementor-type=\"wp-post\" data-elementor-id=\"8553\" class=\"elementor elementor-8553 elementor-3439\">\n\t\t\t\t<div class=\"elementor-element elementor-element-00cade7 elementor-hidden-tablet elementor-hidden-mobile e-flex e-con-boxed e-con e-parent\" data-id=\"00cade7\" data-element_type=\"container\" data-settings=\"{&quot;background_background&quot;:&quot;classic&quot;}\">\n\t\t\t\t\t<div class=\"e-con-inner\">\n\t\t<div class=\"elementor-element elementor-element-912479b e-con-full e-flex e-con e-child\" data-id=\"912479b\" data-element_type=\"container\">\n\t\t\t\t<div class=\"elementor-element elementor-element-211a496 elementor-align-left animated-slow elementor-mobile-align-left elementor-invisible elementor-widget elementor-widget-heading\" data-id=\"211a496\" data-element_type=\"widget\" data-settings=\"{&quot;_animation&quot;:&quot;fadeIn&quot;}\" data-widget_type=\"heading.default\">\n\t\t\t\t<div class=\"elementor-widget-container\">\n\t\t\t<span class=\"sub-title\">ANGEBOTENE STELLENANGEBOTE<\/span><h1 class=\"elementor-heading-title elementor-size-default\">Karriere bei EmaCzech 2021<\/h1>\t\t<\/div>\n\t\t\t\t<\/div>\n\t\t\t\t<div class=\"elementor-element elementor-element-e806a8b animated-slow elementor-hidden-mobile elementor-widget-divider--view-line elementor-invisible elementor-widget elementor-widget-divider\" data-id=\"e806a8b\" data-element_type=\"widget\" data-settings=\"{&quot;_animation&quot;:&quot;fadeIn&quot;}\" data-widget_type=\"divider.default\">\n\t\t\t\t<div class=\"elementor-widget-container\">\n\t\t\t\t\t<div class=\"elementor-divider\">\n\t\t\t<span class=\"elementor-divider-separator\">\n\t\t\t\t\t\t<\/span>\n\t\t<\/div>\n\t\t\t\t<\/div>\n\t\t\t\t<\/div>\n\t\t\t\t<\/div>\n\t\t<div class=\"elementor-element elementor-element-4d952f0 e-con-full e-flex e-con e-child\" data-id=\"4d952f0\" data-element_type=\"container\">\n\t\t\t\t<div class=\"elementor-element elementor-element-9022026 animated-slow elementor-hidden-mobile elementor-invisible elementor-widget elementor-widget-image\" data-id=\"9022026\" data-element_type=\"widget\" data-settings=\"{&quot;_animation&quot;:&quot;fadeIn&quot;}\" data-widget_type=\"image.default\">\n\t\t\t\t<div class=\"elementor-widget-container\">\n\t\t\t\t\t\t\t\t\t\t\t\t\t<img fetchpriority=\"high\" decoding=\"async\" width=\"500\" height=\"500\" src=\"https:\/\/emaczech2021.net\/wp-content\/uploads\/2023\/11\/Logo-ema-bez-napisu-1.jpg\" class=\"attachment-large size-large wp-image-6834\" alt=\"EmaCzech 2021 - logo s b\u00edl\u00fdm pozad\u00edm, z\u00e1kladn\u00ed \u00fadaje, reg\u00e1lov\u00e9 syst\u00e9my, reg\u00e1ly, company overview, firmendaten, regalsysteme, regale\" srcset=\"https:\/\/emaczech2021.net\/wp-content\/uploads\/2023\/11\/Logo-ema-bez-napisu-1.jpg 500w, https:\/\/emaczech2021.net\/wp-content\/uploads\/2023\/11\/Logo-ema-bez-napisu-1-300x300.jpg 300w, https:\/\/emaczech2021.net\/wp-content\/uploads\/2023\/11\/Logo-ema-bez-napisu-1-150x150.jpg 150w, https:\/\/emaczech2021.net\/wp-content\/uploads\/2023\/11\/Logo-ema-bez-napisu-1-100x100.jpg 100w\" sizes=\"(max-width: 500px) 100vw, 500px\" \/>\t\t\t\t\t\t\t\t\t\t\t\t\t<\/div>\n\t\t\t\t<\/div>\n\t\t\t\t<\/div>\n\t\t\t\t\t<\/div>\n\t\t\t\t<\/div>\n\t\t\t\t<section class=\"elementor-section elementor-top-section elementor-element elementor-element-a154576 elementor-section-boxed elementor-section-height-default elementor-section-height-default\" data-id=\"a154576\" data-element_type=\"section\" data-settings=\"{&quot;background_background&quot;:&quot;classic&quot;}\">\n\t\t\t\t\t\t<div class=\"elementor-container elementor-column-gap-no\">\n\t\t\t\t\t<div class=\"elementor-column elementor-col-100 elementor-top-column elementor-element elementor-element-b49ba3a\" data-id=\"b49ba3a\" data-element_type=\"column\">\n\t\t\t<div class=\"elementor-widget-wrap elementor-element-populated\">\n\t\t\t\t\t\t<div class=\"elementor-element elementor-element-f8da0fd animated-fast elementor-align-left elementor-invisible elementor-widget elementor-widget-heading\" data-id=\"f8da0fd\" data-element_type=\"widget\" data-settings=\"{&quot;_animation&quot;:&quot;fadeInUp&quot;,&quot;_animation_mobile&quot;:&quot;opal-move-up&quot;}\" data-widget_type=\"heading.default\">\n\t\t\t\t<div class=\"elementor-widget-container\">\n\t\t\t<span class=\"sub-title\">Rekrutierung<\/span><h2 class=\"elementor-heading-title elementor-size-default\">PERSONALREKRUTIERUNG<\/h2>\t\t<\/div>\n\t\t\t\t<\/div>\n\t\t\t\t\t<\/div>\n\t\t<\/div>\n\t\t\t\t\t<\/div>\n\t\t<\/section>\n\t\t<div class=\"elementor-element elementor-element-55965fc e-flex e-con-boxed e-con e-parent\" data-id=\"55965fc\" data-element_type=\"container\">\n\t\t\t\t\t<div class=\"e-con-inner\">\n\t\t<div class=\"elementor-element elementor-element-2635bc8 e-con-full e-flex e-con e-child\" data-id=\"2635bc8\" data-element_type=\"container\">\n\t\t\t\t<div class=\"elementor-element elementor-element-5230222 animated-fast elementor-invisible elementor-widget elementor-widget-text-editor\" data-id=\"5230222\" data-element_type=\"widget\" data-settings=\"{&quot;_animation&quot;:&quot;fadeInUp&quot;,&quot;_animation_delay&quot;:200}\" data-widget_type=\"text-editor.default\">\n\t\t\t\t<div class=\"elementor-widget-container\">\n\t\t\t        <div class=\"elementor-text-editor elementor-clearfix\"><p>Wenn Sie Interesse haben, Teil unseres erfolgreichen Teams zu werden und eine Leidenschaft f\u00fcr Montage, Demontage und Regalsysteme in Lagern haben, hei\u00dfen wir Sie herzlich willkommen. Unser Unternehmen basiert auf Zusammenarbeit, Innovation und fachlicher Entwicklung, was Ihnen erm\u00f6glicht, Ihre F\u00e4higkeiten kontinuierlich zu entwickeln und eine Karriere in einer stetig wachsenden Branche aufzubauen.<\/p><\/div>\n        \t\t<\/div>\n\t\t\t\t<\/div>\n\t\t\t\t<div class=\"elementor-element elementor-element-922ab36 animated-fast elementor-invisible elementor-widget elementor-widget-heading\" data-id=\"922ab36\" data-element_type=\"widget\" data-settings=\"{&quot;_animation&quot;:&quot;fadeInUp&quot;}\" data-widget_type=\"heading.default\">\n\t\t\t\t<div class=\"elementor-widget-container\">\n\t\t\t<h3 class=\"elementor-heading-title elementor-size-default\">ARBEIT IM AUSLAND<\/h3>\t\t<\/div>\n\t\t\t\t<\/div>\n\t\t\t\t<div class=\"elementor-element elementor-element-8646001 animated-fast elementor-invisible elementor-widget elementor-widget-text-editor\" data-id=\"8646001\" data-element_type=\"widget\" data-settings=\"{&quot;_animation&quot;:&quot;fadeInUp&quot;,&quot;_animation_delay&quot;:200}\" data-widget_type=\"text-editor.default\">\n\t\t\t\t<div class=\"elementor-widget-container\">\n\t\t\t        <div class=\"elementor-text-editor elementor-clearfix\"><p>Unsere offenen Stellen bieten die M\u00f6glichkeit, im Ausland zu arbeiten, was unseren Mitarbeitern erlaubt, verschiedene Kulturen zu erkunden und internationale Erfahrungen zu sammeln.<\/p><p>Wenn Sie sich bereit f\u00fchlen, Teil unseres dynamischen Teams zu werden und unsere Werte der Innovation, Zusammenarbeit und beruflichen Entwicklung zu teilen, z\u00f6gern Sie nicht, uns zu kontaktieren.<\/p><ul><li>Senden Sie uns Ihren aktuellen Lebenslauf direkt an unsere E-Mail-Adresse <span style=\"color: #993300;\"><a style=\"color: #993300;\" href=\"mailto:emaczech2021@emaczech2021.net\">emaczech2021@emaczech2021.net<\/a><\/span>. Dieser Schritt ist der erste Schritt zu einem m\u00f6glichen Vorstellungsgespr\u00e4ch und weiterer Zusammenarbeit.<\/li><li>F\u00fcllen Sie das Online-Formular auf unserer Website aus. Dieses Formular finden Sie direkt auf der Seite mit den Details zur Position, f\u00fcr die Sie sich interessieren.<br \/>Personalrekrutierung, offene Stellen, Arbeit im Ausland<\/li><\/ul><\/div>\n        \t\t<\/div>\n\t\t\t\t<\/div>\n\t\t\t\t<\/div>\n\t\t<div class=\"elementor-element elementor-element-c446eb6 e-con-full e-flex e-con e-child\" data-id=\"c446eb6\" data-element_type=\"container\">\n\t\t\t\t<div class=\"elementor-element elementor-element-28452e0 elementor-widget elementor-widget-image\" data-id=\"28452e0\" data-element_type=\"widget\" data-widget_type=\"image.default\">\n\t\t\t\t<div class=\"elementor-widget-container\">\n\t\t\t\t\t\t\t\t\t\t\t\t\t<img decoding=\"async\" src=\"https:\/\/emaczech2021.net\/wp-content\/uploads\/elementor\/thumbs\/Kluci1-qftq8sk68cr2dx4uf6eksu3mh6ybj8vaxjuml8pql4.jpg\" title=\"Kluci1\" alt=\"N\u00e1bor zam\u011bstnanc\u016f, voln\u00e9 pracovn\u00ed pozice, pr\u00e1ce v zahrani\u010d\u00ed, offene stellen, karriere\" class=\"elementor-animation-shrink\" loading=\"lazy\" \/>\t\t\t\t\t\t\t\t\t\t\t\t\t<\/div>\n\t\t\t\t<\/div>\n\t\t\t\t<\/div>\n\t\t\t\t\t<\/div>\n\t\t\t\t<\/div>\n\t\t<div class=\"elementor-element elementor-element-a2f8c20 e-flex e-con-boxed e-con e-parent\" data-id=\"a2f8c20\" data-element_type=\"container\" data-settings=\"{&quot;background_background&quot;:&quot;classic&quot;}\">\n\t\t\t\t\t<div class=\"e-con-inner\">\n\t\t\t\t<div class=\"elementor-element elementor-element-6e97723 animated-fast elementor-align-left elementor-invisible elementor-widget elementor-widget-heading\" data-id=\"6e97723\" data-element_type=\"widget\" data-settings=\"{&quot;_animation&quot;:&quot;opal-move-up&quot;,&quot;_animation_mobile&quot;:&quot;opal-move-up&quot;}\" data-widget_type=\"heading.default\">\n\t\t\t\t<div class=\"elementor-widget-container\">\n\t\t\t<h2 class=\"elementor-heading-title elementor-size-default\"><a href=\"https:\/\/www.volnamista.cz\/firma\/ema-czech-2021-sro\/13473008\" target=\"_blank\" rel=\"noopener\">OFFENE STELLEN<\/a><\/h2>\t\t<\/div>\n\t\t\t\t<\/div>\n\t\t\t\t<div class=\"elementor-element elementor-element-2f3a912 elementor-grid-eael-col-1 elementor-grid-tablet-eael-col-1 elementor-grid-mobile-eael-col-1 elementor-widget elementor-widget-eael-post-grid\" data-id=\"2f3a912\" data-element_type=\"widget\" data-settings=\"{&quot;eael_post_grid_columns&quot;:&quot;eael-col-1&quot;,&quot;eael_post_grid_columns_tablet&quot;:&quot;eael-col-1&quot;,&quot;eael_post_grid_columns_mobile&quot;:&quot;eael-col-1&quot;}\" data-widget_type=\"eael-post-grid.default\">\n\t\t\t\t<div class=\"elementor-widget-container\">\n\t\t\t<div id=\"eael-post-grid-2f3a912\" class=\"eael-post-grid-container\">\n            <div class=\"eael-post-grid eael-post-appender eael-post-appender-2f3a912 eael-post-grid-style-two\" data-layout-mode=\"grid\"><article class=\"eael-grid-post eael-post-grid-column\" data-id=\"8650\">\n        <div class=\"eael-grid-post-holder\">\n            <div class=\"eael-grid-post-holder-inner\"><div class=\"eael-entry-wrapper\"><header class=\"eael-entry-header\"><h2 class=\"eael-entry-title\"><a class=\"eael-grid-post-link\" href=\"https:\/\/emaczech2021.net\/de\/monteur-fur-stahlkonstruktionen\/\" title=\"Monteur f\u00fcr Stahlkonstruktionen\">Monteur f\u00fcr Stahlkonstruktionen<\/a><\/h2><\/header><div class=\"eael-entry-content\">\n                                    <div class=\"eael-grid-post-excerpt\"><p>Vollzeitbesch\u00e4ftigung<\/p><\/div>\n                                <\/div><div class=\"eael-entry-header-after style-two\"><div class=\"eael-entry-meta\"><span class=\"eael-meta-posted-on\"><i class=\"far fa-clock\"><\/i><time datetime=\"24. 11. 2023\">24. 11. 2023<\/time><\/span><\/div><\/div><\/div><\/div>\n        <\/div>\n    <\/article><article class=\"eael-grid-post eael-post-grid-column\" data-id=\"8648\">\n        <div class=\"eael-grid-post-holder\">\n            <div class=\"eael-grid-post-holder-inner\"><div class=\"eael-entry-wrapper\"><header class=\"eael-entry-header\"><h2 class=\"eael-entry-title\"><a class=\"eael-grid-post-link\" href=\"https:\/\/emaczech2021.net\/de\/team-leader\/\" title=\"Team Leader\">Team Leader<\/a><\/h2><\/header><div class=\"eael-entry-content\">\n                                    <div class=\"eael-grid-post-excerpt\"><p>Vollzeitbesch\u00e4ftigung<\/p><\/div>\n                                <\/div><div class=\"eael-entry-header-after style-two\"><div class=\"eael-entry-meta\"><span class=\"eael-meta-posted-on\"><i class=\"far fa-clock\"><\/i><time datetime=\"25. 11. 2023\">25. 11. 2023<\/time><\/span><\/div><\/div><\/div><\/div>\n        <\/div>\n    <\/article><article class=\"eael-grid-post eael-post-grid-column\" data-id=\"8646\">\n        <div class=\"eael-grid-post-holder\">\n            <div class=\"eael-grid-post-holder-inner\"><div class=\"eael-entry-wrapper\"><header class=\"eael-entry-header\"><h2 class=\"eael-entry-title\"><a class=\"eael-grid-post-link\" href=\"https:\/\/emaczech2021.net\/de\/site-manager\/\" title=\"Site Manager\">Site Manager<\/a><\/h2><\/header><div class=\"eael-entry-content\">\n                                    <div class=\"eael-grid-post-excerpt\"><p>Vollzeitbesch\u00e4ftigung<\/p><\/div>\n                                <\/div><div class=\"eael-entry-header-after style-two\"><div class=\"eael-entry-meta\"><span class=\"eael-meta-posted-on\"><i class=\"far fa-clock\"><\/i><time datetime=\"25. 11. 2023\">25. 11. 2023<\/time><\/span><\/div><\/div><\/div><\/div>\n        <\/div>\n    <\/article><\/div>\n            <div class=\"clearfix\"><\/div>\n        <\/div>\t\t<\/div>\n\t\t\t\t<\/div>\n\t\t\t\t<div class=\"elementor-element elementor-element-f747b12 elementor-align-center elementor-button-primary elementor-widget elementor-widget-button\" data-id=\"f747b12\" data-element_type=\"widget\" data-widget_type=\"button.default\">\n\t\t\t\t<div class=\"elementor-widget-container\">\n\t\t\t        <div class=\"elementor-button-wrapper\">\n            <a href=\"https:\/\/www.emaczech2021.net\/de\" class=\"elementor-button-link elementor-button elementor-size-md button-sweep\" role=\"button\">\n                \t\t<span class=\"elementor-button-content-wrapper\">\n\t\t\t\t\t\t<span class=\"elementor-button-icon\">\n\t\t\t\t\t\t\t\t\t<i class=\"opal-icon-long-arrow-right\" aria-hidden=\"true\"><\/i>\n\t\t\t\t\t\t\t<\/span>\n\t\t\t\t\t\t\t\t\t<span class=\"elementor-button-text\">Zur\u00fcck zur Startseite<\/span>\n\t\t\t\t\t<\/span>\n\t\t            <\/a>\n        <\/div>\n        \t\t<\/div>\n\t\t\t\t<\/div>\n\t\t\t\t\t<\/div>\n\t\t\t\t<\/div>\n\t\t\t\t<\/div>\n\t\t","protected":false},"excerpt":{"rendered":"<p>ANGEBOTENE STELLENANGEBOTE Karriere bei EmaCzech 2021 Rekrutierung PERSONALREKRUTIERUNG Wenn Sie Interesse haben, Teil unseres erfolgreichen Teams zu werden und eine Leidenschaft f\u00fcr Montage, Demontage und Regalsysteme in Lagern haben, hei\u00dfen wir Sie herzlich willkommen. Unser Unternehmen basiert auf Zusammenarbeit, Innovation und fachlicher Entwicklung, was Ihnen erm\u00f6glicht, Ihre F\u00e4higkeiten kontinuierlich zu entwickeln und eine Karriere in &hellip; <\/p>\n<p class=\"link-more\"><a href=\"https:\/\/emaczech2021.net\/de\/site-manager\/\" class=\"more-link\">Read More <i class=\"opal-icon-long-arrow-right\"><\/i><span class=\"screen-reader-text\"> &#8222;Site Manager&#8220;<\/span><\/a><\/p>\n","protected":false},"author":1,"featured_media":0,"parent":0,"menu_order":0,"comment_status":"closed","ping_status":"closed","template":"page-elementor.php","meta":{"inline_featured_image":false,"footnotes":""},"class_list":["post-8553","page","type-page","status-publish","hentry"],"_links":{"self":[{"href":"https:\/\/emaczech2021.net\/de\/wp-json\/wp\/v2\/pages\/8553","targetHints":{"allow":["GET"]}}],"collection":[{"href":"https:\/\/emaczech2021.net\/de\/wp-json\/wp\/v2\/pages"}],"about":[{"href":"https:\/\/emaczech2021.net\/de\/wp-json\/wp\/v2\/types\/page"}],"author":[{"embeddable":true,"href":"https:\/\/emaczech2021.net\/de\/wp-json\/wp\/v2\/users\/1"}],"replies":[{"embeddable":true,"href":"https:\/\/emaczech2021.net\/de\/wp-json\/wp\/v2\/comments?post=8553"}],"version-history":[{"count":124,"href":"https:\/\/emaczech2021.net\/de\/wp-json\/wp\/v2\/pages\/8553\/revisions"}],"predecessor-version":[{"id":10889,"href":"https:\/\/emaczech2021.net\/de\/wp-json\/wp\/v2\/pages\/8553\/revisions\/10889"}],"wp:attachment":[{"href":"https:\/\/emaczech2021.net\/de\/wp-json\/wp\/v2\/media?parent=8553"}],"curies":[{"name":"wp","href":"https:\/\/api.w.org\/{rel}","templated":true}]}}